{"id":685,"date":"2018-07-25T15:06:42","date_gmt":"2018-07-25T18:06:42","guid":{"rendered":"https:\/\/ispi4023-sfe.infd.edu.ar\/sitio\/?page_id=685"},"modified":"2020-02-27T17:33:22","modified_gmt":"2020-02-27T20:33:22","slug":"autoridades","status":"publish","type":"page","link":"https:\/\/ispi4023-sfe.infd.edu.ar\/sitio\/institucional\/autoridades\/","title":{"rendered":"Autoridades"},"content":{"rendered":"<h4><span data-mce-mark=\"1\"><strong>Directora<\/strong><\/span><\/h4>\n<p><em>Prof. Vanina Cherri<\/em><\/p>\n<p><span data-mce-mark=\"1\">AUXILIARES: <em>Nombre y Apellido<\/em><\/span><\/p>\n<p><span data-mce-mark=\"1\">Tel\u00e9fono:\u00a0<\/span><\/p>\n<p><span data-mce-mark=\"1\">E-mail:<\/span><\/p>\n<h4><\/h4>\n<h4><strong>Regente<\/strong><\/h4>\n<p><em>Prof. Mar\u00eda Fernanda Fassi<\/em><\/p>\n<p><span data-mce-mark=\"1\">AUXILIARES: <em>Nombre y Apellido<\/em><\/span><\/p>\n<p><span data-mce-mark=\"1\">Tel\u00e9fono:\u00a0<\/span><\/p>\n<p><span data-mce-mark=\"1\">E-mail:<\/span><\/p>\n<p>&nbsp;<\/p>\n<p><b>Secretar\u00eda<\/b><\/p>\n<p><em>Prof. Mariel Cavallo<\/em><\/p>\n<p><span data-mce-mark=\"1\">AUXILIARES: <em>Nombre y Apellido<\/em><\/span><\/p>\n<p><span data-mce-mark=\"1\">Tel\u00e9fono:\u00a0<\/span><\/p>\n<p><span data-mce-mark=\"1\">E-mail:<\/span><\/p>\n<p>&nbsp;<\/p>\n<p><b>Pro Secretar\u00eda<\/b><\/p>\n<p><em>Prof. Patricia Leguizam\u00f3n<\/em><\/p>\n<p><span data-mce-mark=\"1\">AUXILIARES: <em>Nombre y Apellido<\/em><\/span><\/p>\n<p><span data-mce-mark=\"1\">Tel\u00e9fono:\u00a0<\/span><\/p>\n<p><span data-mce-mark=\"1\">E-mail:<\/span><\/p>\n","protected":false},"excerpt":{"rendered":"<p>Directora Prof. Vanina Cherri AUXILIARES: Nombre y Apellido Tel\u00e9fono:\u00a0 E-mail: Regente Prof. Mar\u00eda Fernanda Fassi AUXILIARES: Nombre y Apellido Tel\u00e9fono:\u00a0 E-mail: &nbsp; Secretar\u00eda Prof. Mariel Cavallo AUXILIARES: Nombre y Apellido Tel\u00e9fono:\u00a0 E-mail: &nbsp; Pro Secretar\u00eda Prof. Patricia Leguizam\u00f3n AUXILIARES: Nombre y Apellido Tel\u00e9fono:\u00a0 E-mail:<\/p>\n","protected":false},"author":6,"featured_media":0,"parent":683,"menu_order":0,"comment_status":"closed","ping_status":"closed","template":"","meta":[],"acf":[],"_links":{"self":[{"href":"https:\/\/ispi4023-sfe.infd.edu.ar\/sitio\/wp-json\/wp\/v2\/pages\/685"}],"collection":[{"href":"https:\/\/ispi4023-sfe.infd.edu.ar\/sitio\/wp-json\/wp\/v2\/pages"}],"about":[{"href":"https:\/\/ispi4023-sfe.infd.edu.ar\/sitio\/wp-json\/wp\/v2\/types\/page"}],"author":[{"embeddable":true,"href":"https:\/\/ispi4023-sfe.infd.edu.ar\/sitio\/wp-json\/wp\/v2\/users\/6"}],"replies":[{"embeddable":true,"href":"https:\/\/ispi4023-sfe.infd.edu.ar\/sitio\/wp-json\/wp\/v2\/comments?post=685"}],"version-history":[{"count":9,"href":"https:\/\/ispi4023-sfe.infd.edu.ar\/sitio\/wp-json\/wp\/v2\/pages\/685\/revisions"}],"predecessor-version":[{"id":784,"href":"https:\/\/ispi4023-sfe.infd.edu.ar\/sitio\/wp-json\/wp\/v2\/pages\/685\/revisions\/784"}],"up":[{"embeddable":true,"href":"https:\/\/ispi4023-sfe.infd.edu.ar\/sitio\/wp-json\/wp\/v2\/pages\/683"}],"wp:attachment":[{"href":"https:\/\/ispi4023-sfe.infd.edu.ar\/sitio\/wp-json\/wp\/v2\/media?parent=685"}],"curies":[{"name":"wp","href":"https:\/\/api.w.org\/{rel}","templated":true}]}}