{"id":683,"date":"2018-07-25T15:06:14","date_gmt":"2018-07-25T18:06:14","guid":{"rendered":"https:\/\/ispi4023-sfe.infd.edu.ar\/sitio\/?page_id=683"},"modified":"2020-02-27T17:52:59","modified_gmt":"2020-02-27T20:52:59","slug":"institucional","status":"publish","type":"page","link":"https:\/\/ispi4023-sfe.infd.edu.ar\/sitio\/institucional\/","title":{"rendered":"El Instituto"},"content":{"rendered":"<p><b>El Instituto Superior Particular Incorporado N\u00ba 4023 \u00abLos Colonizadores\u00bb, ubicado en la localidad de Santo Domingo, Departamento Las Colonias, Provincia de Santa Fe; nace el d\u00eda 23 de abril del a\u00f1o 1986 con el objetivo principal de brindar una nueva oferta educativa de nivel superior para los j\u00f3venes tanto de la misma localidad como de la regi\u00f3n, y revigorizar su vida cultural. As\u00ed, la Comisi\u00f3n Directiva de la Escuela Agrot\u00e9cnica N\u00ba 47 \u201cLos Colonizadores\u201d, la Sra. Dra. de ese entonces, Mar\u00eda E. Bonadeo, un grupo de docentes y el Sr. Jorge Mozzati, se re\u00fanen por primera vez con la idea de formar un Instituto terciario.<\/b><\/p>\n<p><b>Una vez aceptado el proyecto a nivel ministerial, comenz\u00f3 la organizaci\u00f3n del nuevo profesorado.<\/b><\/p>\n<div>\n<p><b>\u00a0\u00a0\u00a0\u00a0\u00a0\u00a0\u00a0\u00a0Como se iba a utilizar el mismo local que la escuela media, se deb\u00eda construir dos aulas m\u00e1s para cumplir con los requisitos necesarios para el funcionamiento de otro establecimiento. El Ej\u00e9rcito, adem\u00e1s de donar medicamentos, mime\u00f3grafo, bancos, material did\u00e1ctico y otros recursos necesarios; mand\u00f3 soldados para ayudar en la construcci\u00f3n de esta obra, en la cual tambi\u00e9n participaron voluntariamente alumnos, profesores, miembros de la Comisi\u00f3n.<\/b><\/p>\n<p>&nbsp;<\/p>\n<\/div>\n<div><b>\u00a0<\/b><b>\u00a0\u00a0\u00a0\u00a0\u00a0 \u00a0Para retribuir la ayuda y el apoyo constante para la creaci\u00f3n del Instituto del Profesorado de Nivel Primario N\u00ba 23 \u201cLos Colonizadores\u201d, sin reparos y en unanimidad inmediata, se eligi\u00f3 como padrinos de dicha Instituci\u00f3n al Liceo General Manuel Belgrano, quien, a su vez, con los miembros de su Banda con letra de Hugo Caussa, grabaron la marcha que nos distingue.<\/b><\/div>\n<p><b>\u00a0\u00a0 \u00a0\u00a0\u00a0 \u00a0En abril de 1986 se inicia el primer periodo lectivo, con el apoyo de la Directora en ese momento la Sra. Mar\u00eda E. Bonadeo, el personal administrativo y el personal docente que demostraron gran capacidad, dedicaci\u00f3n y gran vocaci\u00f3n docente.<\/b><\/p>\n<p><b>\u00a0\u00a0\u00a0\u00a0\u00a0\u00a0\u00a0\u00a0En adelante, durante los nueve primeros a\u00f1os del Instituto se desempe\u00f1\u00f3 como directora la Profesora Anal\u00eda E. Massera. En sus primeros meses de su gesti\u00f3n, e. d. en octubre de 1986 se obtiene la autorizaci\u00f3n del Ministerio de Educaci\u00f3n.<\/b><\/p>\n<p><b>\u00a0\u00a0\u00a0\u00a0\u00a0\u00a0\u00a0\u00a0As\u00ed, a fines del a\u00f1o 1987, el Profesorado de Nivel Primario N\u00ba 23 \u201cLos Colonizadores\u201d fue incorporado despu\u00e9s de superar muchas barreras y poder desestimar muchos desalientos. Es para destacar al respecto, el empe\u00f1o del Dr. Arturo Serrano (Representante Legal) y el de la Srta. Directora; as\u00ed como tambi\u00e9n, agradecer el apoyo brindado por el Sr. Camilo Bertola, la Srta. Myrtha Kerz de Martinez y el de la Srta. Ana Mar\u00eda Cur\u00e1.<\/b><\/p>\n<p><a href=\"https:\/\/sites.google.com\/site\/ispino4023loscolonizadores\/la-institucin\/historia\/Pic303.JPG?attredirects=0\"><img decoding=\"async\" loading=\"lazy\" src=\"https:\/\/sites.google.com\/site\/ispino4023loscolonizadores\/_\/rsrc\/1467077620286\/la-institucin\/historia\/Pic303.JPG?height=315&amp;width=420\" width=\"420\" height=\"315\" border=\"0\" \/><\/a><\/p>\n<p><b>\u00a0\u00a0\u00a0\u00a0\u00a0\u00a0\u00a0\u00a0A principio de 1986, como el profesorado sigue creciendo, se construyendo dos aulas m\u00e1s con el apoyo incondicional y desinteresado de la Comisi\u00f3n Directiva, adem\u00e1s se organiz\u00f3 la biblioteca que actualmente tenemos.<\/b><\/p>\n<p><b><span lang=\"ES-AR\">\u00a0\u00a0\u00a0\u00a0\u00a0\u00a0Tambi\u00e9n, en ese mismo tiempo, se separaron las direcciones de nivel medio y terciario.<\/span><\/b><b><\/b><\/p>\n<p><b><span lang=\"ES-AR\">\u00a0\u00a0 \u00a0\u00a0En 1996, por un relevo del cargo directivo, la Profesora Anal\u00eda E. Massera es reemplazada desde el d\u00eda 26 de febrero por la Profesora Mar\u00eda Alejandra Bono de Lava.<\/span><\/b><\/p>\n","protected":false},"excerpt":{"rendered":"<p>El Instituto Superior Particular Incorporado N\u00ba 4023 \u00abLos Colonizadores\u00bb, ubicado en la localidad de Santo Domingo, Departamento Las Colonias, Provincia de Santa Fe; nace el d\u00eda 23 de abril del a\u00f1o 1986 con el objetivo principal de brindar una nueva oferta educativa de nivel superior para los j\u00f3venes tanto de la misma localidad como de &#8230; <a title=\"El Instituto\" class=\"read-more\" href=\"https:\/\/ispi4023-sfe.infd.edu.ar\/sitio\/institucional\/\" aria-label=\"More on El Instituto\">[+]<\/a><\/p>\n","protected":false},"author":6,"featured_media":0,"parent":0,"menu_order":0,"comment_status":"closed","ping_status":"closed","template":"","meta":[],"acf":[],"_links":{"self":[{"href":"https:\/\/ispi4023-sfe.infd.edu.ar\/sitio\/wp-json\/wp\/v2\/pages\/683"}],"collection":[{"href":"https:\/\/ispi4023-sfe.infd.edu.ar\/sitio\/wp-json\/wp\/v2\/pages"}],"about":[{"href":"https:\/\/ispi4023-sfe.infd.edu.ar\/sitio\/wp-json\/wp\/v2\/types\/page"}],"author":[{"embeddable":true,"href":"https:\/\/ispi4023-sfe.infd.edu.ar\/sitio\/wp-json\/wp\/v2\/users\/6"}],"replies":[{"embeddable":true,"href":"https:\/\/ispi4023-sfe.infd.edu.ar\/sitio\/wp-json\/wp\/v2\/comments?post=683"}],"version-history":[{"count":7,"href":"https:\/\/ispi4023-sfe.infd.edu.ar\/sitio\/wp-json\/wp\/v2\/pages\/683\/revisions"}],"predecessor-version":[{"id":789,"href":"https:\/\/ispi4023-sfe.infd.edu.ar\/sitio\/wp-json\/wp\/v2\/pages\/683\/revisions\/789"}],"wp:attachment":[{"href":"https:\/\/ispi4023-sfe.infd.edu.ar\/sitio\/wp-json\/wp\/v2\/media?parent=683"}],"curies":[{"name":"wp","href":"https:\/\/api.w.org\/{rel}","templated":true}]}}